{"id":389,"date":"2024-12-29T13:07:08","date_gmt":"2024-12-29T13:07:08","guid":{"rendered":"https:\/\/saudadeterrapsicologia.com\/?page_id=389"},"modified":"2025-01-03T10:52:52","modified_gmt":"2025-01-03T10:52:52","slug":"aviso-legal","status":"publish","type":"page","link":"https:\/\/saudadeterrapsicologia.com\/en\/aviso-legal\/","title":{"rendered":"Legal notice"},"content":{"rendered":"<div data-elementor-type=\"wp-post\" data-elementor-id=\"389\" class=\"elementor elementor-389\">\n\t\t\t\t<div class=\"elementor-element elementor-element-5cc784d e-flex e-con-boxed e-con e-parent\" data-id=\"5cc784d\" data-element_type=\"container\" data-settings=\"{&quot;background_background&quot;:&quot;classic&quot;}\">\n\t\t\t\t\t<div class=\"e-con-inner\">\n\t\t\t\t<div class=\"elementor-element elementor-element-f576802 elementor-invisible elementor-widget elementor-widget-heading\" data-id=\"f576802\" data-element_type=\"widget\" data-settings=\"{&quot;_animation&quot;:&quot;fadeIn&quot;}\" data-widget_type=\"heading.default\">\n\t\t\t\t<div class=\"elementor-widget-container\">\n\t\t\t\t\t<h1 class=\"elementor-heading-title elementor-size-default\">Legal notice<\/h1>\t\t\t\t<\/div>\n\t\t\t\t<\/div>\n\t\t\t\t\t<\/div>\n\t\t\t\t<\/div>\n\t\t<div class=\"elementor-element elementor-element-0425d00 e-flex e-con-boxed e-con e-parent\" data-id=\"0425d00\" data-element_type=\"container\" data-settings=\"{&quot;background_background&quot;:&quot;classic&quot;}\">\n\t\t\t\t\t<div class=\"e-con-inner\">\n\t\t<div class=\"elementor-element elementor-element-739736f e-con-full e-flex elementor-invisible e-con e-child\" data-id=\"739736f\" data-element_type=\"container\" data-settings=\"{&quot;background_background&quot;:&quot;classic&quot;,&quot;animation&quot;:&quot;slideInUp&quot;}\">\n\t\t\t\t<div class=\"elementor-element elementor-element-a62c823 elementor-widget elementor-widget-heading\" data-id=\"a62c823\" data-element_type=\"widget\" data-widget_type=\"heading.default\">\n\t\t\t\t<div class=\"elementor-widget-container\">\n\t\t\t\t\t<h2 class=\"elementor-heading-title elementor-size-default\">Legal notice<\/h2>\t\t\t\t<\/div>\n\t\t\t\t<\/div>\n\t\t\t\t<div class=\"elementor-element elementor-element-4d5aea7 elementor-widget elementor-widget-heading\" data-id=\"4d5aea7\" data-element_type=\"widget\" data-widget_type=\"heading.default\">\n\t\t\t\t<div class=\"elementor-widget-container\">\n\t\t\t\t\t<h3 class=\"elementor-heading-title elementor-size-default\"><p><strong>DATOS IDENTIFICATIVOS\n<\/strong><\/p><\/h3>\t\t\t\t<\/div>\n\t\t\t\t<\/div>\n\t\t\t\t<div class=\"elementor-element elementor-element-f3326f2 elementor-widget elementor-widget-text-editor\" data-id=\"f3326f2\" data-element_type=\"widget\" data-widget_type=\"text-editor.default\">\n\t\t\t\t<div class=\"elementor-widget-container\">\n\t\t\t\t\t\t\t\t\t<p>En cumplimiento de las exigencias legales nacionales, se informa a todos los usuarios e interesados que la responsabilidad y titularidad del dominio web <strong>www.saudadeterrapsicologia.com<\/strong>, as\u00ed como las redes sociales y\/o cualquier sitio web asociado, en adelante el \u201csitio web\u201d, pertenecen a <strong>Jessica G\u00f3mez G\u00f3nzalez<\/strong>, de profesi\u00f3n <strong>PSIC\u00d3LOGA SANITARIA<\/strong>, con domicilio en <strong>Xinzo de Limia (Ourense), Espa\u00f1a y Buenos Aires, Argentina<\/strong>, en adelante \u201cJessica G\u00f3mez\u201d, y cuyo correo electr\u00f3nico de contacto es <a href=\"mailto:hola@saudadeterrapsicologia.com\">hola@saudadeterrapsicologia.com<\/a>.<\/p><p>Adem\u00e1s de las leyes nacionales y como consecuencia del ejercicio de la PSICOLOG\u00cdA, se aplicar\u00e1 el <strong>C\u00f3digo \u00c9tico y Deontol\u00f3gico del Colegio Oficial de la Psicolog\u00eda<\/strong> correspondiente.<\/p>\t\t\t\t\t\t\t\t<\/div>\n\t\t\t\t<\/div>\n\t\t\t\t<\/div>\n\t\t\t\t\t<\/div>\n\t\t\t\t<\/div>\n\t\t\t\t<\/div>","protected":false},"excerpt":{"rendered":"<p>Aviso Legal Aviso Legal DATOS IDENTIFICATIVOS En cumplimiento de las exigencias legales nacionales, se informa a todos los usuarios e [&hellip;]<\/p>\n","protected":false},"author":1,"featured_media":0,"parent":0,"menu_order":0,"comment_status":"closed","ping_status":"closed","template":"","meta":{"site-sidebar-layout":"no-sidebar","site-content-layout":"","ast-site-content-layout":"full-width-container","site-content-style":"default","site-sidebar-style":"default","ast-global-header-display":"","ast-banner-title-visibility":"","ast-main-header-display":"","ast-hfb-above-header-display":"","ast-hfb-below-header-display":"","ast-hfb-mobile-header-display":"","site-post-title":"disabled","ast-breadcrumbs-content":"","ast-featured-img":"disabled","footer-sml-layout":"","theme-transparent-header-meta":"","adv-header-id-meta":"","stick-header-meta":"","header-above-stick-meta":"","header-main-stick-meta":"","header-below-stick-meta":"","astra-migrate-meta-layouts":"default","ast-page-background-enabled":"default","ast-page-background-meta":{"desktop":{"background-color":"var(--ast-global-color-4)","background-image":"","background-repeat":"repeat","background-position":"center center","background-size":"auto","background-attachment":"scroll","background-type":"","background-media":"","overlay-type":"","overlay-color":"","overlay-opacity":"","overlay-gradient":""},"tablet":{"background-color":"","background-image":"","background-repeat":"repeat","background-position":"center center","background-size":"auto","background-attachment":"scroll","background-type":"","background-media":"","overlay-type":"","overlay-color":"","overlay-opacity":"","overlay-gradient":""},"mobile":{"background-color":"","background-image":"","background-repeat":"repeat","background-position":"center center","background-size":"auto","background-attachment":"scroll","background-type":"","background-media":"","overlay-type":"","overlay-color":"","overlay-opacity":"","overlay-gradient":""}},"ast-content-background-meta":{"desktop":{"background-color":"var(--ast-global-color-5)","background-image":"","background-repeat":"repeat","background-position":"center center","background-size":"auto","background-attachment":"scroll","background-type":"","background-media":"","overlay-type":"","overlay-color":"","overlay-opacity":"","overlay-gradient":""},"tablet":{"background-color":"var(--ast-global-color-5)","background-image":"","background-repeat":"repeat","background-position":"center center","background-size":"auto","background-attachment":"scroll","background-type":"","background-media":"","overlay-type":"","overlay-color":"","overlay-opacity":"","overlay-gradient":""},"mobile":{"background-color":"var(--ast-global-color-5)","background-image":"","background-repeat":"repeat","background-position":"center center","background-size":"auto","background-attachment":"scroll","background-type":"","background-media":"","overlay-type":"","overlay-color":"","overlay-opacity":"","overlay-gradient":""}},"footnotes":""},"class_list":["post-389","page","type-page","status-publish","hentry"],"yoast_head":"<!-- This site is optimized with the Yoast SEO plugin v24.1 - https:\/\/yoast.com\/wordpress\/plugins\/seo\/ -->\n<title>Aviso Legal -<\/title>\n<meta name=\"robots\" content=\"index, follow, max-snippet:-1, max-image-preview:large, max-video-preview:-1\" \/>\n<link rel=\"canonical\" href=\"https:\/\/saudadeterrapsicologia.com\/en\/aviso-legal\/\" \/>\n<meta property=\"og:locale\" content=\"en_GB\" \/>\n<meta property=\"og:type\" content=\"article\" \/>\n<meta property=\"og:title\" content=\"Aviso Legal -\" \/>\n<meta property=\"og:description\" content=\"Aviso Legal Aviso Legal DATOS IDENTIFICATIVOS En cumplimiento de las exigencias legales nacionales, se informa a todos los usuarios e [&hellip;]\" \/>\n<meta property=\"og:url\" content=\"https:\/\/saudadeterrapsicologia.com\/en\/aviso-legal\/\" \/>\n<meta property=\"article:modified_time\" content=\"2025-01-03T10:52:52+00:00\" \/>\n<meta name=\"twitter:card\" content=\"summary_large_image\" \/>\n<meta name=\"twitter:label1\" content=\"Estimated reading time\" \/>\n\t<meta name=\"twitter:data1\" content=\"1 minute\" \/>\n<script type=\"application\/ld+json\" class=\"yoast-schema-graph\">{\"@context\":\"https:\/\/schema.org\",\"@graph\":[{\"@type\":\"WebPage\",\"@id\":\"https:\/\/saudadeterrapsicologia.com\/aviso-legal\/\",\"url\":\"https:\/\/saudadeterrapsicologia.com\/aviso-legal\/\",\"name\":\"Aviso Legal -\",\"isPartOf\":{\"@id\":\"https:\/\/saudadeterrapsicologia.com\/#website\"},\"datePublished\":\"2024-12-29T13:07:08+00:00\",\"dateModified\":\"2025-01-03T10:52:52+00:00\",\"breadcrumb\":{\"@id\":\"https:\/\/saudadeterrapsicologia.com\/aviso-legal\/#breadcrumb\"},\"inLanguage\":\"en-GB\",\"potentialAction\":[{\"@type\":\"ReadAction\",\"target\":[\"https:\/\/saudadeterrapsicologia.com\/aviso-legal\/\"]}]},{\"@type\":\"BreadcrumbList\",\"@id\":\"https:\/\/saudadeterrapsicologia.com\/aviso-legal\/#breadcrumb\",\"itemListElement\":[{\"@type\":\"ListItem\",\"position\":1,\"name\":\"Portada\",\"item\":\"https:\/\/saudadeterrapsicologia.com\/\"},{\"@type\":\"ListItem\",\"position\":2,\"name\":\"Aviso Legal\"}]},{\"@type\":\"WebSite\",\"@id\":\"https:\/\/saudadeterrapsicologia.com\/#website\",\"url\":\"https:\/\/saudadeterrapsicologia.com\/\",\"name\":\"Saudade E Terra Psicolog\u00eda | Terapia asequible en Espa\u00f1a y Argentina\",\"description\":\"Ofrecemos terapia psicol\u00f3gica online con el mejor equipo de psic\u00f3logas a un precio inmejorable para que alcances el bienestar real.\",\"publisher\":{\"@id\":\"https:\/\/saudadeterrapsicologia.com\/#organization\"},\"potentialAction\":[{\"@type\":\"SearchAction\",\"target\":{\"@type\":\"EntryPoint\",\"urlTemplate\":\"https:\/\/saudadeterrapsicologia.com\/?s={search_term_string}\"},\"query-input\":{\"@type\":\"PropertyValueSpecification\",\"valueRequired\":true,\"valueName\":\"search_term_string\"}}],\"inLanguage\":\"en-GB\"},{\"@type\":\"Organization\",\"@id\":\"https:\/\/saudadeterrapsicologia.com\/#organization\",\"name\":\"Saudade E Terra Psicolog\u00eda\",\"url\":\"https:\/\/saudadeterrapsicologia.com\/\",\"logo\":{\"@type\":\"ImageObject\",\"inLanguage\":\"en-GB\",\"@id\":\"https:\/\/saudadeterrapsicologia.com\/#\/schema\/logo\/image\/\",\"url\":\"https:\/\/saudadeterrapsicologia.com\/wp-content\/uploads\/2024\/12\/logo-saudade-cabecera.png\",\"contentUrl\":\"https:\/\/saudadeterrapsicologia.com\/wp-content\/uploads\/2024\/12\/logo-saudade-cabecera.png\",\"width\":516,\"height\":96,\"caption\":\"Saudade E Terra Psicolog\u00eda\"},\"image\":{\"@id\":\"https:\/\/saudadeterrapsicologia.com\/#\/schema\/logo\/image\/\"}}]}<\/script>\n<!-- \/ Yoast SEO plugin. -->","yoast_head_json":{"title":"Aviso Legal -","robots":{"index":"index","follow":"follow","max-snippet":"max-snippet:-1","max-image-preview":"max-image-preview:large","max-video-preview":"max-video-preview:-1"},"canonical":"https:\/\/saudadeterrapsicologia.com\/en\/aviso-legal\/","og_locale":"en_GB","og_type":"article","og_title":"Aviso Legal -","og_description":"Aviso Legal Aviso Legal DATOS IDENTIFICATIVOS En cumplimiento de las exigencias legales nacionales, se informa a todos los usuarios e [&hellip;]","og_url":"https:\/\/saudadeterrapsicologia.com\/en\/aviso-legal\/","article_modified_time":"2025-01-03T10:52:52+00:00","twitter_card":"summary_large_image","twitter_misc":{"Estimated reading time":"1 minute"},"schema":{"@context":"https:\/\/schema.org","@graph":[{"@type":"WebPage","@id":"https:\/\/saudadeterrapsicologia.com\/aviso-legal\/","url":"https:\/\/saudadeterrapsicologia.com\/aviso-legal\/","name":"Aviso Legal -","isPartOf":{"@id":"https:\/\/saudadeterrapsicologia.com\/#website"},"datePublished":"2024-12-29T13:07:08+00:00","dateModified":"2025-01-03T10:52:52+00:00","breadcrumb":{"@id":"https:\/\/saudadeterrapsicologia.com\/aviso-legal\/#breadcrumb"},"inLanguage":"en-GB","potentialAction":[{"@type":"ReadAction","target":["https:\/\/saudadeterrapsicologia.com\/aviso-legal\/"]}]},{"@type":"BreadcrumbList","@id":"https:\/\/saudadeterrapsicologia.com\/aviso-legal\/#breadcrumb","itemListElement":[{"@type":"ListItem","position":1,"name":"Portada","item":"https:\/\/saudadeterrapsicologia.com\/"},{"@type":"ListItem","position":2,"name":"Aviso Legal"}]},{"@type":"WebSite","@id":"https:\/\/saudadeterrapsicologia.com\/#website","url":"https:\/\/saudadeterrapsicologia.com\/","name":"Saudade E Terra Psicolog\u00eda | Terapia asequible en Espa\u00f1a y Argentina","description":"Ofrecemos terapia psicol\u00f3gica online con el mejor equipo de psic\u00f3logas a un precio inmejorable para que alcances el bienestar real.","publisher":{"@id":"https:\/\/saudadeterrapsicologia.com\/#organization"},"potentialAction":[{"@type":"SearchAction","target":{"@type":"EntryPoint","urlTemplate":"https:\/\/saudadeterrapsicologia.com\/?s={search_term_string}"},"query-input":{"@type":"PropertyValueSpecification","valueRequired":true,"valueName":"search_term_string"}}],"inLanguage":"en-GB"},{"@type":"Organization","@id":"https:\/\/saudadeterrapsicologia.com\/#organization","name":"Saudade e Terra Psychology","url":"https:\/\/saudadeterrapsicologia.com\/","logo":{"@type":"ImageObject","inLanguage":"en-GB","@id":"https:\/\/saudadeterrapsicologia.com\/#\/schema\/logo\/image\/","url":"https:\/\/saudadeterrapsicologia.com\/wp-content\/uploads\/2024\/12\/logo-saudade-cabecera.png","contentUrl":"https:\/\/saudadeterrapsicologia.com\/wp-content\/uploads\/2024\/12\/logo-saudade-cabecera.png","width":516,"height":96,"caption":"Saudade E Terra Psicolog\u00eda"},"image":{"@id":"https:\/\/saudadeterrapsicologia.com\/#\/schema\/logo\/image\/"}}]}},"rttpg_featured_image_url":null,"rttpg_author":{"display_name":"Jessica G\u00f3mez","author_link":"https:\/\/saudadeterrapsicologia.com\/en\/author\/jessicagm200gmail-com\/"},"rttpg_comment":0,"rttpg_category":null,"rttpg_excerpt":"Aviso Legal Aviso Legal DATOS IDENTIFICATIVOS En cumplimiento de las exigencias legales nacionales, se informa a todos los usuarios e [&hellip;]","_links":{"self":[{"href":"https:\/\/saudadeterrapsicologia.com\/en\/wp-json\/wp\/v2\/pages\/389"}],"collection":[{"href":"https:\/\/saudadeterrapsicologia.com\/en\/wp-json\/wp\/v2\/pages"}],"about":[{"href":"https:\/\/saudadeterrapsicologia.com\/en\/wp-json\/wp\/v2\/types\/page"}],"author":[{"embeddable":true,"href":"https:\/\/saudadeterrapsicologia.com\/en\/wp-json\/wp\/v2\/users\/1"}],"replies":[{"embeddable":true,"href":"https:\/\/saudadeterrapsicologia.com\/en\/wp-json\/wp\/v2\/comments?post=389"}],"version-history":[{"count":10,"href":"https:\/\/saudadeterrapsicologia.com\/en\/wp-json\/wp\/v2\/pages\/389\/revisions"}],"predecessor-version":[{"id":703,"href":"https:\/\/saudadeterrapsicologia.com\/en\/wp-json\/wp\/v2\/pages\/389\/revisions\/703"}],"wp:attachment":[{"href":"https:\/\/saudadeterrapsicologia.com\/en\/wp-json\/wp\/v2\/media?parent=389"}],"curies":[{"name":"wp","href":"https:\/\/api.w.org\/{rel}","templated":true}]}}