{"id":395,"date":"2024-12-29T13:19:26","date_gmt":"2024-12-29T13:19:26","guid":{"rendered":"https:\/\/saudadeterrapsicologia.com\/?page_id=395"},"modified":"2025-01-03T10:52:16","modified_gmt":"2025-01-03T10:52:16","slug":"politica-de-privacidad","status":"publish","type":"page","link":"https:\/\/saudadeterrapsicologia.com\/en\/politica-de-privacidad\/","title":{"rendered":"Privacy policy"},"content":{"rendered":"<div data-elementor-type=\"wp-post\" data-elementor-id=\"395\" class=\"elementor elementor-395\">\n\t\t\t\t<div class=\"elementor-element elementor-element-5cc784d e-flex e-con-boxed e-con e-parent\" data-id=\"5cc784d\" data-element_type=\"container\" data-settings=\"{&quot;background_background&quot;:&quot;classic&quot;}\">\n\t\t\t\t\t<div class=\"e-con-inner\">\n\t\t\t\t<div class=\"elementor-element elementor-element-f576802 elementor-invisible elementor-widget elementor-widget-heading\" data-id=\"f576802\" data-element_type=\"widget\" data-settings=\"{&quot;_animation&quot;:&quot;fadeIn&quot;}\" data-widget_type=\"heading.default\">\n\t\t\t\t<div class=\"elementor-widget-container\">\n\t\t\t\t\t<h1 class=\"elementor-heading-title elementor-size-default\">Privacy policy<\/h1>\t\t\t\t<\/div>\n\t\t\t\t<\/div>\n\t\t\t\t\t<\/div>\n\t\t\t\t<\/div>\n\t\t<div class=\"elementor-element elementor-element-0425d00 e-flex e-con-boxed e-con e-parent\" data-id=\"0425d00\" data-element_type=\"container\" data-settings=\"{&quot;background_background&quot;:&quot;classic&quot;}\">\n\t\t\t\t\t<div class=\"e-con-inner\">\n\t\t<div class=\"elementor-element elementor-element-739736f e-con-full e-flex elementor-invisible e-con e-child\" data-id=\"739736f\" data-element_type=\"container\" data-settings=\"{&quot;background_background&quot;:&quot;classic&quot;,&quot;animation&quot;:&quot;slideInUp&quot;}\">\n\t\t\t\t<div class=\"elementor-element elementor-element-a62c823 elementor-widget elementor-widget-heading\" data-id=\"a62c823\" data-element_type=\"widget\" data-widget_type=\"heading.default\">\n\t\t\t\t<div class=\"elementor-widget-container\">\n\t\t\t\t\t<h2 class=\"elementor-heading-title elementor-size-default\">Privacy policy<\/h2>\t\t\t\t<\/div>\n\t\t\t\t<\/div>\n\t\t\t\t<div class=\"elementor-element elementor-element-f3326f2 elementor-widget elementor-widget-text-editor\" data-id=\"f3326f2\" data-element_type=\"widget\" data-widget_type=\"text-editor.default\">\n\t\t\t\t<div class=\"elementor-widget-container\">\n\t\t\t\t\t\t\t\t\t<p><strong>Responsable de los datos personales:<\/strong> Jessica G\u00f3mez G\u00f3nzalez, colegiada <strong>n.\u00ba G-7242<\/strong>, con domicilio en Xinzo de Limia. En lo adelante \u201cJessica G\u00f3mez\u201d, y cuyo correo electr\u00f3nico de contacto es <a href=\"mailto:hola@saudadeterrapsicologia.com\"><span class=\"header-title username\">hola@saudadeterrapsicologia.com<\/span><\/a>.<\/p><p><strong>Datos solicitados en el sitio web y finalidad del tratamiento<\/strong><\/p><ul data-spread=\"false\"><li><p><strong>Nombre, apellidos y correo electr\u00f3nico en los formularios de contacto:<\/strong> para realizar cualquier contacto directo con Jessica G\u00f3mez, ya sea para plantear dudas, comentarios, sugerencias, solicitar un servicio o cualquier otra informaci\u00f3n. No suministrar los datos personales m\u00ednimos necesarios imposibilitar\u00e1 a Jessica G\u00f3mez responder a la petici\u00f3n.<\/p><\/li><li><p><strong>Nombre y correo electr\u00f3nico:<\/strong> para poder realizar comentarios en el blog del sitio web.<\/p><\/li><li><p><strong>Nombre, apellidos, direcci\u00f3n, tel\u00e9fono, correo electr\u00f3nico y n\u00famero de identificaci\u00f3n fiscal:<\/strong> se solicitar\u00e1 esta informaci\u00f3n al momento del pago del servicio, ello a los fines de procesar todo lo relacionado con el cliente.<\/p><\/li><li><p><strong>Correo electr\u00f3nico:<\/strong> se solicitar\u00e1 el correo electr\u00f3nico para acceder al \u00e1rea de cliente, de acuerdo con los datos suministrados al momento de crear la cuenta.<\/p><\/li><\/ul><p>Si el usuario tiene menos de 16 a\u00f1os, deber\u00e1 tener la autorizaci\u00f3n de sus padres o tutores legales para entregar sus datos personales. Jessica G\u00f3mez no tiene manera de comprobar efectivamente la edad de los usuarios, por lo que queda eximida de cualquier responsabilidad si el usuario no cumple con lo aqu\u00ed indicado.<\/p><p>Jessica G\u00f3mez velar\u00e1 en todo momento porque el uso que se le da al sitio web, a los contenidos y al tratamiento de los datos personales del usuario se realicen de la forma m\u00e1s correcta. Para ello, el usuario siempre podr\u00e1 ejercer sus derechos de acceso, rectificaci\u00f3n, cancelaci\u00f3n, portabilidad, olvido u oposici\u00f3n, todo ello en fiel cumplimiento de las leyes vigentes, escribiendo al correo <a href=\"mailto:hola@saudadeterrapsicologia.com\"><span class=\"header-title username\">hola@saudadeterrapsicologia.com<\/span><\/a><a>.<\/a><\/p><p>En ning\u00fan momento Jessica G\u00f3mez compartir\u00e1 con terceros los datos personales sin el consentimiento del usuario. En caso de hacerlo para cumplir con los servicios contratados, enviar la newsletter, cumplir con exigencias legales o para la administraci\u00f3n del sitio web, se proporcionar\u00e1n los debidos acuerdos de confidencialidad entre las partes.<\/p><p>Los enlaces a terceros que se puedan encontrar en el sitio web poseen pol\u00edticas de privacidad ajenas a Jessica G\u00f3mez. El acceso a estos sitios ser\u00e1 responsabilidad del usuario, siendo su decisi\u00f3n aceptarlas o no.<\/p><p><strong>Formularios<\/strong><\/p><p>El sitio web dispone de los siguientes formularios:<\/p><ol start=\"1\" data-spread=\"true\"><li><p><strong>De contacto:<\/strong> Facilitan la comunicaci\u00f3n con Jessica G\u00f3mez para dudas, comentarios, solicitudes de presupuesto, reservas de servicios o ejercicio de derechos. No suministrar los datos m\u00ednimos necesarios imposibilitar\u00e1 a Jessica G\u00f3mez responder a la petici\u00f3n. Este tratamiento es leg\u00edtimo por ser parte de una diligencia precontractual. El servidor del sitio web y del correo electr\u00f3nico ser\u00e1n los encargados del tratamiento.<\/p><\/li><li><p><strong>De publicidad:<\/strong> Se solicitar\u00e1 consentimiento expreso y voluntario para enviar informaci\u00f3n comercial relacionada con los servicios ofrecidos por Jessica G\u00f3mez. Los datos se agregar\u00e1n a un fichero automatizado de email marketing gestionado por un encargado del tratamiento.<\/p><\/li><li><p><strong>Para comentarios en el blog:<\/strong> Para evitar spam y mensajes inadecuados, se solicitar\u00e1 nombre, correo electr\u00f3nico y sitio web del usuario para identificarlo en los comentarios. Estos datos ser\u00e1n visibles para otros usuarios. Si no desea que los datos sean visibles, puede comunicarse con Jessica G\u00f3mez al correo de contacto. Este tratamiento se realiza con el consentimiento del titular.<\/p><\/li><li><p><strong>Para procesar servicios:<\/strong> Se solicitar\u00e1n datos necesarios para gestionar los servicios contratados. Este tratamiento es leg\u00edtimo por la relaci\u00f3n contractual con el cliente. Los datos se almacenar\u00e1n en el servidor del sitio web.<\/p><\/li><\/ol><p><strong>Encargados del Tratamiento<\/strong><\/p><p>Jessica G\u00f3mez requiere el apoyo de terceros para ofrecer sus servicios y productos, con los cuales celebra acuerdos de confidencialidad y verifica el cumplimiento de las normativas sobre protecci\u00f3n de datos personales. Los datos suministrados a estos terceros no podr\u00e1n ser utilizados para fines no autorizados.<\/p><p>Los encargados del tratamiento son:<\/p><ul><li><strong>Cal<\/strong>: Agenda reuniones. Pol\u00edtica de privadidad: <a href=\"https:\/\/cal.com\/es\/privacy\">https:\/\/cal.com\/es\/privacy<\/a><\/li><li><p><strong>Calendly:<\/strong> Agenda reuniones. Ubicada en Atlanta, GA, EE. UU. Pol\u00edtica de privacidad: <a>https:\/\/calendly.com\/pages\/privacy<\/a><\/p><\/li><li><p><strong>Pixel de Facebook:<\/strong> An\u00e1lisis publicitario. Proporcionado por Facebook, Inc., EE. UU. Pol\u00edtica de privacidad: <a>https:\/\/www.facebook.com\/privacy\/explanation<\/a><\/p><\/li><li><p><strong>Google Analytics:<\/strong> An\u00e1lisis web. Ubicada en EE. UU. Pol\u00edtica de privacidad: <a>https:\/\/policies.google.com\/privacy<\/a><\/p><\/li><li><p><strong>Zoom:<\/strong> Videoconferencias. Ubicada en EE. UU. Pol\u00edtica de privacidad: <a>https:\/\/zoom.us\/privacy<\/a><\/p><\/li><li><p><strong>PayPal:<\/strong> Gestor de pagos. Ubicada en Luxemburgo. Pol\u00edtica de privacidad: <a>https:\/\/www.paypal.com\/es\/webapps\/mpp\/ua\/privacy-full<\/a><\/p><\/li><li><p><strong>WhatsApp:<\/strong> Comunicaci\u00f3n con usuarios. Proporcionado por WhatsApp Ireland Limited. Pol\u00edtica de privacidad: <a>https:\/\/www.whatsapp.com\/legal?eea=1#privacy-policy<\/a><\/p><\/li><li><p><strong>Bizum:<\/strong> Plataforma de pago. Ubicada en Madrid, Espa\u00f1a. Pol\u00edtica de privacidad: <a>https:\/\/bizum.es\/politica-de-privacidad\/<\/a><\/p><\/li><li><p><strong>Hostinger:<\/strong> Alojamiento web. Ubicada en Barcelona, Espa\u00f1a. Pol\u00edtica de privacidad: <a href=\"https:\/\/www.hostinger.es\/legal\/politica-de-privacidad\">https:\/\/www.hostinger.es\/legal\/politica-de-privacidad<\/a><\/p><\/li><\/ul><p>Para cualquier duda o consulta, por favor contacte a Jessica G\u00f3mez en <a href=\"mailto:hola@saudadeterrapsicologia.com\"><span class=\"header-title username\">hola@saudadeterrapsicologia.com<\/span><\/a>.<\/p>\t\t\t\t\t\t\t\t<\/div>\n\t\t\t\t<\/div>\n\t\t\t\t<\/div>\n\t\t\t\t\t<\/div>\n\t\t\t\t<\/div>\n\t\t\t\t<\/div>","protected":false},"excerpt":{"rendered":"<p>Pol\u00edtica de privacidad Pol\u00edtica de privacidad Responsable de los datos personales: Jessica G\u00f3mez G\u00f3nzalez, colegiada n.\u00ba G-7242, con domicilio en [&hellip;]<\/p>\n","protected":false},"author":1,"featured_media":0,"parent":0,"menu_order":0,"comment_status":"closed","ping_status":"closed","template":"","meta":{"site-sidebar-layout":"no-sidebar","site-content-layout":"","ast-site-content-layout":"full-width-container","site-content-style":"default","site-sidebar-style":"default","ast-global-header-display":"","ast-banner-title-visibility":"","ast-main-header-display":"","ast-hfb-above-header-display":"","ast-hfb-below-header-display":"","ast-hfb-mobile-header-display":"","site-post-title":"disabled","ast-breadcrumbs-content":"","ast-featured-img":"disabled","footer-sml-layout":"","theme-transparent-header-meta":"","adv-header-id-meta":"","stick-header-meta":"","header-above-stick-meta":"","header-main-stick-meta":"","header-below-stick-meta":"","astra-migrate-meta-layouts":"default","ast-page-background-enabled":"default","ast-page-background-meta":{"desktop":{"background-color":"var(--ast-global-color-4)","background-image":"","background-repeat":"repeat","background-position":"center center","background-size":"auto","background-attachment":"scroll","background-type":"","background-media":"","overlay-type":"","overlay-color":"","overlay-opacity":"","overlay-gradient":""},"tablet":{"background-color":"","background-image":"","background-repeat":"repeat","background-position":"center center","background-size":"auto","background-attachment":"scroll","background-type":"","background-media":"","overlay-type":"","overlay-color":"","overlay-opacity":"","overlay-gradient":""},"mobile":{"background-color":"","background-image":"","background-repeat":"repeat","background-position":"center center","background-size":"auto","background-attachment":"scroll","background-type":"","background-media":"","overlay-type":"","overlay-color":"","overlay-opacity":"","overlay-gradient":""}},"ast-content-background-meta":{"desktop":{"background-color":"var(--ast-global-color-5)","background-image":"","background-repeat":"repeat","background-position":"center center","background-size":"auto","background-attachment":"scroll","background-type":"","background-media":"","overlay-type":"","overlay-color":"","overlay-opacity":"","overlay-gradient":""},"tablet":{"background-color":"var(--ast-global-color-5)","background-image":"","background-repeat":"repeat","background-position":"center center","background-size":"auto","background-attachment":"scroll","background-type":"","background-media":"","overlay-type":"","overlay-color":"","overlay-opacity":"","overlay-gradient":""},"mobile":{"background-color":"var(--ast-global-color-5)","background-image":"","background-repeat":"repeat","background-position":"center center","background-size":"auto","background-attachment":"scroll","background-type":"","background-media":"","overlay-type":"","overlay-color":"","overlay-opacity":"","overlay-gradient":""}},"footnotes":""},"class_list":["post-395","page","type-page","status-publish","hentry"],"yoast_head":"<!-- This site is optimized with the Yoast SEO plugin v24.1 - https:\/\/yoast.com\/wordpress\/plugins\/seo\/ -->\n<title>Pol\u00edtica de privacidad -<\/title>\n<meta name=\"robots\" content=\"index, follow, max-snippet:-1, max-image-preview:large, max-video-preview:-1\" \/>\n<link rel=\"canonical\" href=\"https:\/\/saudadeterrapsicologia.com\/en\/politica-de-privacidad\/\" \/>\n<meta property=\"og:locale\" content=\"en_GB\" \/>\n<meta property=\"og:type\" content=\"article\" \/>\n<meta property=\"og:title\" content=\"Pol\u00edtica de privacidad -\" \/>\n<meta property=\"og:description\" content=\"Pol\u00edtica de privacidad Pol\u00edtica de privacidad Responsable de los datos personales: Jessica G\u00f3mez G\u00f3nzalez, colegiada n.\u00ba G-7242, con domicilio en [&hellip;]\" \/>\n<meta property=\"og:url\" content=\"https:\/\/saudadeterrapsicologia.com\/en\/politica-de-privacidad\/\" \/>\n<meta property=\"article:modified_time\" content=\"2025-01-03T10:52:16+00:00\" \/>\n<meta name=\"twitter:card\" content=\"summary_large_image\" \/>\n<meta name=\"twitter:label1\" content=\"Estimated reading time\" \/>\n\t<meta name=\"twitter:data1\" content=\"4 minutes\" \/>\n<script type=\"application\/ld+json\" class=\"yoast-schema-graph\">{\"@context\":\"https:\/\/schema.org\",\"@graph\":[{\"@type\":\"WebPage\",\"@id\":\"https:\/\/saudadeterrapsicologia.com\/politica-de-privacidad\/\",\"url\":\"https:\/\/saudadeterrapsicologia.com\/politica-de-privacidad\/\",\"name\":\"Pol\u00edtica de privacidad -\",\"isPartOf\":{\"@id\":\"https:\/\/saudadeterrapsicologia.com\/#website\"},\"datePublished\":\"2024-12-29T13:19:26+00:00\",\"dateModified\":\"2025-01-03T10:52:16+00:00\",\"breadcrumb\":{\"@id\":\"https:\/\/saudadeterrapsicologia.com\/politica-de-privacidad\/#breadcrumb\"},\"inLanguage\":\"en-GB\",\"potentialAction\":[{\"@type\":\"ReadAction\",\"target\":[\"https:\/\/saudadeterrapsicologia.com\/politica-de-privacidad\/\"]}]},{\"@type\":\"BreadcrumbList\",\"@id\":\"https:\/\/saudadeterrapsicologia.com\/politica-de-privacidad\/#breadcrumb\",\"itemListElement\":[{\"@type\":\"ListItem\",\"position\":1,\"name\":\"Portada\",\"item\":\"https:\/\/saudadeterrapsicologia.com\/\"},{\"@type\":\"ListItem\",\"position\":2,\"name\":\"Pol\u00edtica de privacidad\"}]},{\"@type\":\"WebSite\",\"@id\":\"https:\/\/saudadeterrapsicologia.com\/#website\",\"url\":\"https:\/\/saudadeterrapsicologia.com\/\",\"name\":\"Saudade E Terra Psicolog\u00eda | Terapia asequible en Espa\u00f1a y Argentina\",\"description\":\"Ofrecemos terapia psicol\u00f3gica online con el mejor equipo de psic\u00f3logas a un precio inmejorable para que alcances el bienestar real.\",\"publisher\":{\"@id\":\"https:\/\/saudadeterrapsicologia.com\/#organization\"},\"potentialAction\":[{\"@type\":\"SearchAction\",\"target\":{\"@type\":\"EntryPoint\",\"urlTemplate\":\"https:\/\/saudadeterrapsicologia.com\/?s={search_term_string}\"},\"query-input\":{\"@type\":\"PropertyValueSpecification\",\"valueRequired\":true,\"valueName\":\"search_term_string\"}}],\"inLanguage\":\"en-GB\"},{\"@type\":\"Organization\",\"@id\":\"https:\/\/saudadeterrapsicologia.com\/#organization\",\"name\":\"Saudade E Terra Psicolog\u00eda\",\"url\":\"https:\/\/saudadeterrapsicologia.com\/\",\"logo\":{\"@type\":\"ImageObject\",\"inLanguage\":\"en-GB\",\"@id\":\"https:\/\/saudadeterrapsicologia.com\/#\/schema\/logo\/image\/\",\"url\":\"https:\/\/saudadeterrapsicologia.com\/wp-content\/uploads\/2024\/12\/logo-saudade-cabecera.png\",\"contentUrl\":\"https:\/\/saudadeterrapsicologia.com\/wp-content\/uploads\/2024\/12\/logo-saudade-cabecera.png\",\"width\":516,\"height\":96,\"caption\":\"Saudade E Terra Psicolog\u00eda\"},\"image\":{\"@id\":\"https:\/\/saudadeterrapsicologia.com\/#\/schema\/logo\/image\/\"}}]}<\/script>\n<!-- \/ Yoast SEO plugin. -->","yoast_head_json":{"title":"Pol\u00edtica de privacidad -","robots":{"index":"index","follow":"follow","max-snippet":"max-snippet:-1","max-image-preview":"max-image-preview:large","max-video-preview":"max-video-preview:-1"},"canonical":"https:\/\/saudadeterrapsicologia.com\/en\/politica-de-privacidad\/","og_locale":"en_GB","og_type":"article","og_title":"Pol\u00edtica de privacidad -","og_description":"Pol\u00edtica de privacidad Pol\u00edtica de privacidad Responsable de los datos personales: Jessica G\u00f3mez G\u00f3nzalez, colegiada n.\u00ba G-7242, con domicilio en [&hellip;]","og_url":"https:\/\/saudadeterrapsicologia.com\/en\/politica-de-privacidad\/","article_modified_time":"2025-01-03T10:52:16+00:00","twitter_card":"summary_large_image","twitter_misc":{"Estimated reading time":"4 minutes"},"schema":{"@context":"https:\/\/schema.org","@graph":[{"@type":"WebPage","@id":"https:\/\/saudadeterrapsicologia.com\/politica-de-privacidad\/","url":"https:\/\/saudadeterrapsicologia.com\/politica-de-privacidad\/","name":"Pol\u00edtica de privacidad -","isPartOf":{"@id":"https:\/\/saudadeterrapsicologia.com\/#website"},"datePublished":"2024-12-29T13:19:26+00:00","dateModified":"2025-01-03T10:52:16+00:00","breadcrumb":{"@id":"https:\/\/saudadeterrapsicologia.com\/politica-de-privacidad\/#breadcrumb"},"inLanguage":"en-GB","potentialAction":[{"@type":"ReadAction","target":["https:\/\/saudadeterrapsicologia.com\/politica-de-privacidad\/"]}]},{"@type":"BreadcrumbList","@id":"https:\/\/saudadeterrapsicologia.com\/politica-de-privacidad\/#breadcrumb","itemListElement":[{"@type":"ListItem","position":1,"name":"Portada","item":"https:\/\/saudadeterrapsicologia.com\/"},{"@type":"ListItem","position":2,"name":"Pol\u00edtica de privacidad"}]},{"@type":"WebSite","@id":"https:\/\/saudadeterrapsicologia.com\/#website","url":"https:\/\/saudadeterrapsicologia.com\/","name":"Saudade E Terra Psicolog\u00eda | Terapia asequible en Espa\u00f1a y Argentina","description":"Ofrecemos terapia psicol\u00f3gica online con el mejor equipo de psic\u00f3logas a un precio inmejorable para que alcances el bienestar real.","publisher":{"@id":"https:\/\/saudadeterrapsicologia.com\/#organization"},"potentialAction":[{"@type":"SearchAction","target":{"@type":"EntryPoint","urlTemplate":"https:\/\/saudadeterrapsicologia.com\/?s={search_term_string}"},"query-input":{"@type":"PropertyValueSpecification","valueRequired":true,"valueName":"search_term_string"}}],"inLanguage":"en-GB"},{"@type":"Organization","@id":"https:\/\/saudadeterrapsicologia.com\/#organization","name":"Saudade e Terra Psychology","url":"https:\/\/saudadeterrapsicologia.com\/","logo":{"@type":"ImageObject","inLanguage":"en-GB","@id":"https:\/\/saudadeterrapsicologia.com\/#\/schema\/logo\/image\/","url":"https:\/\/saudadeterrapsicologia.com\/wp-content\/uploads\/2024\/12\/logo-saudade-cabecera.png","contentUrl":"https:\/\/saudadeterrapsicologia.com\/wp-content\/uploads\/2024\/12\/logo-saudade-cabecera.png","width":516,"height":96,"caption":"Saudade E Terra Psicolog\u00eda"},"image":{"@id":"https:\/\/saudadeterrapsicologia.com\/#\/schema\/logo\/image\/"}}]}},"rttpg_featured_image_url":null,"rttpg_author":{"display_name":"Jessica G\u00f3mez","author_link":"https:\/\/saudadeterrapsicologia.com\/en\/author\/jessicagm200gmail-com\/"},"rttpg_comment":0,"rttpg_category":null,"rttpg_excerpt":"Pol\u00edtica de privacidad Pol\u00edtica de privacidad Responsable de los datos personales: Jessica G\u00f3mez G\u00f3nzalez, colegiada n.\u00ba G-7242, con domicilio en [&hellip;]","_links":{"self":[{"href":"https:\/\/saudadeterrapsicologia.com\/en\/wp-json\/wp\/v2\/pages\/395"}],"collection":[{"href":"https:\/\/saudadeterrapsicologia.com\/en\/wp-json\/wp\/v2\/pages"}],"about":[{"href":"https:\/\/saudadeterrapsicologia.com\/en\/wp-json\/wp\/v2\/types\/page"}],"author":[{"embeddable":true,"href":"https:\/\/saudadeterrapsicologia.com\/en\/wp-json\/wp\/v2\/users\/1"}],"replies":[{"embeddable":true,"href":"https:\/\/saudadeterrapsicologia.com\/en\/wp-json\/wp\/v2\/comments?post=395"}],"version-history":[{"count":7,"href":"https:\/\/saudadeterrapsicologia.com\/en\/wp-json\/wp\/v2\/pages\/395\/revisions"}],"predecessor-version":[{"id":700,"href":"https:\/\/saudadeterrapsicologia.com\/en\/wp-json\/wp\/v2\/pages\/395\/revisions\/700"}],"wp:attachment":[{"href":"https:\/\/saudadeterrapsicologia.com\/en\/wp-json\/wp\/v2\/media?parent=395"}],"curies":[{"name":"wp","href":"https:\/\/api.w.org\/{rel}","templated":true}]}}