{"id":400,"date":"2024-12-29T13:47:54","date_gmt":"2024-12-29T13:47:54","guid":{"rendered":"https:\/\/saudadeterrapsicologia.com\/?page_id=400"},"modified":"2025-01-03T10:53:37","modified_gmt":"2025-01-03T10:53:37","slug":"politica-de-cookies","status":"publish","type":"page","link":"https:\/\/saudadeterrapsicologia.com\/en\/politica-de-cookies\/","title":{"rendered":"Cookies policy"},"content":{"rendered":"<div data-elementor-type=\"wp-post\" data-elementor-id=\"400\" class=\"elementor elementor-400\">\n\t\t\t\t<div class=\"elementor-element elementor-element-5cc784d e-flex e-con-boxed e-con e-parent\" data-id=\"5cc784d\" data-element_type=\"container\" data-settings=\"{&quot;background_background&quot;:&quot;classic&quot;}\">\n\t\t\t\t\t<div class=\"e-con-inner\">\n\t\t\t\t<div class=\"elementor-element elementor-element-f576802 elementor-invisible elementor-widget elementor-widget-heading\" data-id=\"f576802\" data-element_type=\"widget\" data-settings=\"{&quot;_animation&quot;:&quot;fadeIn&quot;}\" data-widget_type=\"heading.default\">\n\t\t\t\t<div class=\"elementor-widget-container\">\n\t\t\t\t\t<h1 class=\"elementor-heading-title elementor-size-default\">Cookies policy<\/h1>\t\t\t\t<\/div>\n\t\t\t\t<\/div>\n\t\t\t\t\t<\/div>\n\t\t\t\t<\/div>\n\t\t<div class=\"elementor-element elementor-element-0425d00 e-flex e-con-boxed e-con e-parent\" data-id=\"0425d00\" data-element_type=\"container\" data-settings=\"{&quot;background_background&quot;:&quot;classic&quot;}\">\n\t\t\t\t\t<div class=\"e-con-inner\">\n\t\t<div class=\"elementor-element elementor-element-739736f e-con-full e-flex elementor-invisible e-con e-child\" data-id=\"739736f\" data-element_type=\"container\" data-settings=\"{&quot;background_background&quot;:&quot;classic&quot;,&quot;animation&quot;:&quot;slideInUp&quot;}\">\n\t\t\t\t<div class=\"elementor-element elementor-element-a62c823 elementor-widget elementor-widget-heading\" data-id=\"a62c823\" data-element_type=\"widget\" data-widget_type=\"heading.default\">\n\t\t\t\t<div class=\"elementor-widget-container\">\n\t\t\t\t\t<h2 class=\"elementor-heading-title elementor-size-default\">Cookies policy<\/h2>\t\t\t\t<\/div>\n\t\t\t\t<\/div>\n\t\t\t\t<div class=\"elementor-element elementor-element-4ecec40 elementor-widget elementor-widget-heading\" data-id=\"4ecec40\" data-element_type=\"widget\" data-widget_type=\"heading.default\">\n\t\t\t\t<div class=\"elementor-widget-container\">\n\t\t\t\t\t<h3 class=\"elementor-heading-title elementor-size-default\">Consideraciones previas<\/h3>\t\t\t\t<\/div>\n\t\t\t\t<\/div>\n\t\t\t\t<div class=\"elementor-element elementor-element-f3326f2 elementor-widget elementor-widget-text-editor\" data-id=\"f3326f2\" data-element_type=\"widget\" data-widget_type=\"text-editor.default\">\n\t\t\t\t<div class=\"elementor-widget-container\">\n\t\t\t\t\t\t\t\t\t<p>Se entender\u00e1 por usuario toda persona que navegue en el sitio web <a>www.saudadeterrapsicologia.com<\/a> (en lo adelante, simplemente el sitio web).<\/p><p>Se entender\u00e1 por editor al due\u00f1o del sitio web, quien est\u00e1 identificado en el aviso legal.<\/p><p>Las cookies utilizadas en el navegador del usuario se han instalado con su autorizaci\u00f3n. Si en alg\u00fan momento desea revocar esta autorizaci\u00f3n, podr\u00e1 hacerlo sin obst\u00e1culo alguno. Para ello, puede visualizar la secci\u00f3n <strong>Desactivaci\u00f3n o eliminaci\u00f3n de cookies<\/strong>, que se encuentra descrita en estas pol\u00edticas.<\/p><p>El editor est\u00e1 en total libertad de realizar los cambios que considere pertinentes en el sitio web. Para ello podr\u00e1 a\u00f1adir apartados, funcionalidades o cualquier elemento que quiz\u00e1s pueda generar el uso de nuevas cookies, por lo que se aconseja al usuario que verifique la presente pol\u00edtica de cookies cada vez que acceda al sitio web, para que pueda mantenerse actualizado por cualquier cambio que se pueda haber dado desde la \u00faltima visita realizada.<\/p><h3>Definici\u00f3n y funci\u00f3n de las cookies<\/h3><p>Las cookies son informaciones que se almacenan en el navegador del usuario de un sitio web para poder consultar la actividad previa que ha tenido, as\u00ed como recordar ciertos datos para una pr\u00f3xima visita. Tambi\u00e9n pueden ser llamadas web beacons, p\u00edxel, bugs o rastreadores, pero a efectos de estas pol\u00edticas, se entender\u00e1n solamente como cookies.<\/p><p>Suelen almacenar datos de car\u00e1cter t\u00e9cnico, estad\u00edsticas de uso, personalizaci\u00f3n de perfiles, enlaces a redes sociales, administraci\u00f3n de preferencias personales, entre otras funciones, con el fin de poder adaptar el sitio web a las necesidades y configuraciones del usuario, mejorando as\u00ed la experiencia de la navegaci\u00f3n. No aceptarlas podr\u00eda entorpecer el servicio que el sitio web desea ofrecer.<\/p><p>No son archivos de virus, spam, troyanos, gusanos, spyware, ni programaci\u00f3n publicitaria, ya sea est\u00e1tica en la p\u00e1gina o en formato de ventana emergente (pop-up).<\/p><p>La informaci\u00f3n almacenada se refiere al navegador (Internet Explorer, Safari, Chrome, Firefox, etc.), y no al usuario. Para constatar esto, puede entrar en el mismo dominio web y verificar en dos navegadores diferentes que puede configurar diferentes preferencias en cada uno.<\/p><h3>Tipos de cookies seg\u00fan la entidad que las gestiona<\/h3><p>Las cookies pueden ser:<\/p><ul data-spread=\"false\"><li><p><strong>Propias<\/strong>: cuando son gestionadas por el propio editor del sitio web. Se env\u00edan al equipo terminal del usuario desde un equipo o dominio gestionado por el propio editor y desde el que se presta el servicio solicitado por el usuario.<\/p><\/li><li><p><strong>De terceros<\/strong>: cuando son gestionadas por una persona f\u00edsica o jur\u00eddica diferente al editor.<\/p><\/li><\/ul><p>Este sitio web utiliza cookies propias y de terceros.<\/p><h3>Tipos de cookies seg\u00fan su finalidad<\/h3><p>Dependiendo de la funci\u00f3n que cumplan, las cookies pueden ser:<\/p><ul data-spread=\"false\"><li><p><strong>T\u00e9cnicas<\/strong>: Permiten la gesti\u00f3n operativa del sitio web para que el usuario pueda navegar sin problema. Por ejemplo, controlan el tr\u00e1fico y la comunicaci\u00f3n de datos, identifican la sesi\u00f3n, permiten acceder a partes restringidas, recordar elementos de un pedido, gestionar pagos, y otras funcionalidades similares.<\/p><\/li><li><p><strong>De preferencias o personalizaci\u00f3n<\/strong>: Permiten recordar informaci\u00f3n para que el usuario navegue en el sitio web con determinadas caracter\u00edsticas personalizadas, como idioma, configuraci\u00f3n del navegador, entre otras.<\/p><\/li><li><p><strong>De an\u00e1lisis o medici\u00f3n<\/strong>: Permiten el seguimiento y an\u00e1lisis del comportamiento de los usuarios en el sitio web, por ejemplo, tiempo de permanencia en una p\u00e1gina o d\u00edas de mayor tr\u00e1fico.<\/p><\/li><li><p><strong>De publicidad comportamental<\/strong>: Almacenan informaci\u00f3n del comportamiento de los usuarios obtenida a trav\u00e9s de la observaci\u00f3n continuada de sus h\u00e1bitos de navegaci\u00f3n.<\/p><\/li><li><p><strong>Publicitarias<\/strong>: Permiten la gesti\u00f3n de los espacios publicitarios del sitio web.<\/p><\/li><\/ul><p>Este sitio web utiliza cookies t\u00e9cnicas, de personalizaci\u00f3n, de an\u00e1lisis y de publicidad comportamental.<\/p><h3>Tipos de cookies seg\u00fan su duraci\u00f3n<\/h3><ul data-spread=\"false\"><li><p><strong>De sesi\u00f3n<\/strong>: Dise\u00f1adas para recabar y almacenar datos mientras el usuario accede a una p\u00e1gina web. Desaparecen al terminar la sesi\u00f3n.<\/p><\/li><li><p><strong>Persistentes<\/strong>: Los datos siguen almacenados en el terminal y pueden ser accedidos y tratados durante un per\u00edodo definido por el responsable de la cookie.<\/p><\/li><\/ul><h3>Consecuencias de desactivar las cookies<\/h3><p>Ejemplos de posibles efectos al no aceptar las cookies:<\/p><ul data-spread=\"false\"><li><p>No se cargar\u00e1n los productos elegidos en la tienda ni se podr\u00e1n finalizar compras.<\/p><\/li><li><p>No se podr\u00e1 acceder a \u00e1reas personales o restringidas.<\/p><\/li><li><p>No se podr\u00e1n recoger datos para mejorar el sitio web.<\/p><\/li><li><p>No se podr\u00e1 compartir contenido en redes sociales.<\/p><\/li><li><p>No se podr\u00e1 realizar comentarios en el blog.<\/p><\/li><li><p>No se mostrar\u00e1 publicidad relevante.<\/p><\/li><\/ul><h3>Cookies utilizadas en este sitio web<\/h3><p>Este sitio web utiliza las siguientes cookies:<\/p><table><tbody><tr><th>Name<\/th><th>Proveedor<\/th><th>Description<\/th><th>Duration<\/th><th>Tipo<\/th><\/tr><tr><td>moove_gdpr_popup<\/td><td>saudade<\/td><td>Guardar preferencias de consentimiento<\/td><td>1 year<\/td><td>Functional<\/td><\/tr><tr><td>_ga<\/td><td>Google Analytics<\/td><td>Contar y rastrear p\u00e1ginas vistas<\/td><td>2 a\u00f1os<\/td><td>Estad\u00edstica<\/td><\/tr><tr><td>_gid<\/td><td>Google Analytics<\/td><td>Contar y rastrear p\u00e1ginas vistas<\/td><td>1 d\u00eda<\/td><td>Estad\u00edstica<\/td><\/tr><tr><td>_gat<\/td><td>Google Analytics<\/td><td>Filtrar solicitudes de bots<\/td><td>1 minuto<\/td><td>Estad\u00edstica<\/td><\/tr><\/tbody><\/table><h3>Desactivaci\u00f3n o eliminaci\u00f3n de cookies<\/h3><p>El usuario podr\u00e1 eliminar o bloquear las cookies configurando su navegador. Cada navegador tiene su propia gu\u00eda para realizar esta acci\u00f3n:<\/p><ul data-spread=\"false\"><li><p><strong>Chrome<\/strong>: <a href=\"https:\/\/support.google.com\/chrome\/answer\/95647?hl=es\">Ayuda de Chrome<\/a><\/p><\/li><li><p><strong>Firefox<\/strong>: <a href=\"https:\/\/support.mozilla.org\/es\/kb\/cookies\">Ayuda de Firefox<\/a><\/p><\/li><li><p><strong>Internet Explorer<\/strong>: <a href=\"https:\/\/support.microsoft.com\/es-es\/help\/17442\/windows-internet-explorer-delete-manage-cookies\">Ayuda de Internet Explorer<\/a><\/p><\/li><\/ul><p>Para cualquier duda o consulta relacionada con esta pol\u00edtica de cookies, puede contactar <a href=\"mailto:hola@saudadeterrapsicologia.com\">hola@saudadeterrapsicologia.com<\/a>.<\/p>\t\t\t\t\t\t\t\t<\/div>\n\t\t\t\t<\/div>\n\t\t\t\t<\/div>\n\t\t\t\t\t<\/div>\n\t\t\t\t<\/div>\n\t\t\t\t<\/div>","protected":false},"excerpt":{"rendered":"<p>Pol\u00edtica de cookies Pol\u00edtica de cookies Consideraciones previas Se entender\u00e1 por usuario toda persona que navegue en el sitio web [&hellip;]<\/p>\n","protected":false},"author":1,"featured_media":0,"parent":0,"menu_order":0,"comment_status":"closed","ping_status":"closed","template":"","meta":{"site-sidebar-layout":"no-sidebar","site-content-layout":"","ast-site-content-layout":"full-width-container","site-content-style":"default","site-sidebar-style":"default","ast-global-header-display":"","ast-banner-title-visibility":"","ast-main-header-display":"","ast-hfb-above-header-display":"","ast-hfb-below-header-display":"","ast-hfb-mobile-header-display":"","site-post-title":"disabled","ast-breadcrumbs-content":"","ast-featured-img":"disabled","footer-sml-layout":"","theme-transparent-header-meta":"","adv-header-id-meta":"","stick-header-meta":"","header-above-stick-meta":"","header-main-stick-meta":"","header-below-stick-meta":"","astra-migrate-meta-layouts":"default","ast-page-background-enabled":"default","ast-page-background-meta":{"desktop":{"background-color":"var(--ast-global-color-4)","background-image":"","background-repeat":"repeat","background-position":"center center","background-size":"auto","background-attachment":"scroll","background-type":"","background-media":"","overlay-type":"","overlay-color":"","overlay-opacity":"","overlay-gradient":""},"tablet":{"background-color":"","background-image":"","background-repeat":"repeat","background-position":"center center","background-size":"auto","background-attachment":"scroll","background-type":"","background-media":"","overlay-type":"","overlay-color":"","overlay-opacity":"","overlay-gradient":""},"mobile":{"background-color":"","background-image":"","background-repeat":"repeat","background-position":"center center","background-size":"auto","background-attachment":"scroll","background-type":"","background-media":"","overlay-type":"","overlay-color":"","overlay-opacity":"","overlay-gradient":""}},"ast-content-background-meta":{"desktop":{"background-color":"var(--ast-global-color-5)","background-image":"","background-repeat":"repeat","background-position":"center center","background-size":"auto","background-attachment":"scroll","background-type":"","background-media":"","overlay-type":"","overlay-color":"","overlay-opacity":"","overlay-gradient":""},"tablet":{"background-color":"var(--ast-global-color-5)","background-image":"","background-repeat":"repeat","background-position":"center center","background-size":"auto","background-attachment":"scroll","background-type":"","background-media":"","overlay-type":"","overlay-color":"","overlay-opacity":"","overlay-gradient":""},"mobile":{"background-color":"var(--ast-global-color-5)","background-image":"","background-repeat":"repeat","background-position":"center center","background-size":"auto","background-attachment":"scroll","background-type":"","background-media":"","overlay-type":"","overlay-color":"","overlay-opacity":"","overlay-gradient":""}},"footnotes":""},"class_list":["post-400","page","type-page","status-publish","hentry"],"yoast_head":"<!-- This site is optimized with the Yoast SEO plugin v24.1 - https:\/\/yoast.com\/wordpress\/plugins\/seo\/ -->\n<title>Pol\u00edtica de cookies -<\/title>\n<meta name=\"robots\" content=\"index, follow, max-snippet:-1, max-image-preview:large, max-video-preview:-1\" \/>\n<link rel=\"canonical\" href=\"https:\/\/saudadeterrapsicologia.com\/en\/politica-de-cookies\/\" \/>\n<meta property=\"og:locale\" content=\"en_GB\" \/>\n<meta property=\"og:type\" content=\"article\" \/>\n<meta property=\"og:title\" content=\"Pol\u00edtica de cookies -\" \/>\n<meta property=\"og:description\" content=\"Pol\u00edtica de cookies Pol\u00edtica de cookies Consideraciones previas Se entender\u00e1 por usuario toda persona que navegue en el sitio web [&hellip;]\" \/>\n<meta property=\"og:url\" content=\"https:\/\/saudadeterrapsicologia.com\/en\/politica-de-cookies\/\" \/>\n<meta property=\"article:modified_time\" content=\"2025-01-03T10:53:37+00:00\" \/>\n<meta name=\"twitter:card\" content=\"summary_large_image\" \/>\n<meta name=\"twitter:label1\" content=\"Estimated reading time\" \/>\n\t<meta name=\"twitter:data1\" content=\"4 minutes\" \/>\n<script type=\"application\/ld+json\" class=\"yoast-schema-graph\">{\"@context\":\"https:\/\/schema.org\",\"@graph\":[{\"@type\":\"WebPage\",\"@id\":\"https:\/\/saudadeterrapsicologia.com\/politica-de-cookies\/\",\"url\":\"https:\/\/saudadeterrapsicologia.com\/politica-de-cookies\/\",\"name\":\"Pol\u00edtica de cookies -\",\"isPartOf\":{\"@id\":\"https:\/\/saudadeterrapsicologia.com\/#website\"},\"datePublished\":\"2024-12-29T13:47:54+00:00\",\"dateModified\":\"2025-01-03T10:53:37+00:00\",\"breadcrumb\":{\"@id\":\"https:\/\/saudadeterrapsicologia.com\/politica-de-cookies\/#breadcrumb\"},\"inLanguage\":\"en-GB\",\"potentialAction\":[{\"@type\":\"ReadAction\",\"target\":[\"https:\/\/saudadeterrapsicologia.com\/politica-de-cookies\/\"]}]},{\"@type\":\"BreadcrumbList\",\"@id\":\"https:\/\/saudadeterrapsicologia.com\/politica-de-cookies\/#breadcrumb\",\"itemListElement\":[{\"@type\":\"ListItem\",\"position\":1,\"name\":\"Portada\",\"item\":\"https:\/\/saudadeterrapsicologia.com\/\"},{\"@type\":\"ListItem\",\"position\":2,\"name\":\"Pol\u00edtica de cookies\"}]},{\"@type\":\"WebSite\",\"@id\":\"https:\/\/saudadeterrapsicologia.com\/#website\",\"url\":\"https:\/\/saudadeterrapsicologia.com\/\",\"name\":\"Saudade E Terra Psicolog\u00eda | Terapia asequible en Espa\u00f1a y Argentina\",\"description\":\"Ofrecemos terapia psicol\u00f3gica online con el mejor equipo de psic\u00f3logas a un precio inmejorable para que alcances el bienestar real.\",\"publisher\":{\"@id\":\"https:\/\/saudadeterrapsicologia.com\/#organization\"},\"potentialAction\":[{\"@type\":\"SearchAction\",\"target\":{\"@type\":\"EntryPoint\",\"urlTemplate\":\"https:\/\/saudadeterrapsicologia.com\/?s={search_term_string}\"},\"query-input\":{\"@type\":\"PropertyValueSpecification\",\"valueRequired\":true,\"valueName\":\"search_term_string\"}}],\"inLanguage\":\"en-GB\"},{\"@type\":\"Organization\",\"@id\":\"https:\/\/saudadeterrapsicologia.com\/#organization\",\"name\":\"Saudade E Terra Psicolog\u00eda\",\"url\":\"https:\/\/saudadeterrapsicologia.com\/\",\"logo\":{\"@type\":\"ImageObject\",\"inLanguage\":\"en-GB\",\"@id\":\"https:\/\/saudadeterrapsicologia.com\/#\/schema\/logo\/image\/\",\"url\":\"https:\/\/saudadeterrapsicologia.com\/wp-content\/uploads\/2024\/12\/logo-saudade-cabecera.png\",\"contentUrl\":\"https:\/\/saudadeterrapsicologia.com\/wp-content\/uploads\/2024\/12\/logo-saudade-cabecera.png\",\"width\":516,\"height\":96,\"caption\":\"Saudade E Terra Psicolog\u00eda\"},\"image\":{\"@id\":\"https:\/\/saudadeterrapsicologia.com\/#\/schema\/logo\/image\/\"}}]}<\/script>\n<!-- \/ Yoast SEO plugin. -->","yoast_head_json":{"title":"Pol\u00edtica de cookies -","robots":{"index":"index","follow":"follow","max-snippet":"max-snippet:-1","max-image-preview":"max-image-preview:large","max-video-preview":"max-video-preview:-1"},"canonical":"https:\/\/saudadeterrapsicologia.com\/en\/politica-de-cookies\/","og_locale":"en_GB","og_type":"article","og_title":"Pol\u00edtica de cookies -","og_description":"Pol\u00edtica de cookies Pol\u00edtica de cookies Consideraciones previas Se entender\u00e1 por usuario toda persona que navegue en el sitio web [&hellip;]","og_url":"https:\/\/saudadeterrapsicologia.com\/en\/politica-de-cookies\/","article_modified_time":"2025-01-03T10:53:37+00:00","twitter_card":"summary_large_image","twitter_misc":{"Estimated reading time":"4 minutes"},"schema":{"@context":"https:\/\/schema.org","@graph":[{"@type":"WebPage","@id":"https:\/\/saudadeterrapsicologia.com\/politica-de-cookies\/","url":"https:\/\/saudadeterrapsicologia.com\/politica-de-cookies\/","name":"Pol\u00edtica de cookies -","isPartOf":{"@id":"https:\/\/saudadeterrapsicologia.com\/#website"},"datePublished":"2024-12-29T13:47:54+00:00","dateModified":"2025-01-03T10:53:37+00:00","breadcrumb":{"@id":"https:\/\/saudadeterrapsicologia.com\/politica-de-cookies\/#breadcrumb"},"inLanguage":"en-GB","potentialAction":[{"@type":"ReadAction","target":["https:\/\/saudadeterrapsicologia.com\/politica-de-cookies\/"]}]},{"@type":"BreadcrumbList","@id":"https:\/\/saudadeterrapsicologia.com\/politica-de-cookies\/#breadcrumb","itemListElement":[{"@type":"ListItem","position":1,"name":"Portada","item":"https:\/\/saudadeterrapsicologia.com\/"},{"@type":"ListItem","position":2,"name":"Pol\u00edtica de cookies"}]},{"@type":"WebSite","@id":"https:\/\/saudadeterrapsicologia.com\/#website","url":"https:\/\/saudadeterrapsicologia.com\/","name":"Saudade E Terra Psicolog\u00eda | Terapia asequible en Espa\u00f1a y Argentina","description":"Ofrecemos terapia psicol\u00f3gica online con el mejor equipo de psic\u00f3logas a un precio inmejorable para que alcances el bienestar real.","publisher":{"@id":"https:\/\/saudadeterrapsicologia.com\/#organization"},"potentialAction":[{"@type":"SearchAction","target":{"@type":"EntryPoint","urlTemplate":"https:\/\/saudadeterrapsicologia.com\/?s={search_term_string}"},"query-input":{"@type":"PropertyValueSpecification","valueRequired":true,"valueName":"search_term_string"}}],"inLanguage":"en-GB"},{"@type":"Organization","@id":"https:\/\/saudadeterrapsicologia.com\/#organization","name":"Saudade e Terra Psychology","url":"https:\/\/saudadeterrapsicologia.com\/","logo":{"@type":"ImageObject","inLanguage":"en-GB","@id":"https:\/\/saudadeterrapsicologia.com\/#\/schema\/logo\/image\/","url":"https:\/\/saudadeterrapsicologia.com\/wp-content\/uploads\/2024\/12\/logo-saudade-cabecera.png","contentUrl":"https:\/\/saudadeterrapsicologia.com\/wp-content\/uploads\/2024\/12\/logo-saudade-cabecera.png","width":516,"height":96,"caption":"Saudade E Terra Psicolog\u00eda"},"image":{"@id":"https:\/\/saudadeterrapsicologia.com\/#\/schema\/logo\/image\/"}}]}},"rttpg_featured_image_url":null,"rttpg_author":{"display_name":"Jessica G\u00f3mez","author_link":"https:\/\/saudadeterrapsicologia.com\/en\/author\/jessicagm200gmail-com\/"},"rttpg_comment":0,"rttpg_category":null,"rttpg_excerpt":"Pol\u00edtica de cookies Pol\u00edtica de cookies Consideraciones previas Se entender\u00e1 por usuario toda persona que navegue en el sitio web [&hellip;]","_links":{"self":[{"href":"https:\/\/saudadeterrapsicologia.com\/en\/wp-json\/wp\/v2\/pages\/400"}],"collection":[{"href":"https:\/\/saudadeterrapsicologia.com\/en\/wp-json\/wp\/v2\/pages"}],"about":[{"href":"https:\/\/saudadeterrapsicologia.com\/en\/wp-json\/wp\/v2\/types\/page"}],"author":[{"embeddable":true,"href":"https:\/\/saudadeterrapsicologia.com\/en\/wp-json\/wp\/v2\/users\/1"}],"replies":[{"embeddable":true,"href":"https:\/\/saudadeterrapsicologia.com\/en\/wp-json\/wp\/v2\/comments?post=400"}],"version-history":[{"count":7,"href":"https:\/\/saudadeterrapsicologia.com\/en\/wp-json\/wp\/v2\/pages\/400\/revisions"}],"predecessor-version":[{"id":706,"href":"https:\/\/saudadeterrapsicologia.com\/en\/wp-json\/wp\/v2\/pages\/400\/revisions\/706"}],"wp:attachment":[{"href":"https:\/\/saudadeterrapsicologia.com\/en\/wp-json\/wp\/v2\/media?parent=400"}],"curies":[{"name":"wp","href":"https:\/\/api.w.org\/{rel}","templated":true}]}}